{"id":463,"date":"2020-09-06T15:40:23","date_gmt":"2020-09-06T15:40:23","guid":{"rendered":"https:\/\/www.grindcorp.eu\/?page_id=463"},"modified":"2020-09-22T15:40:41","modified_gmt":"2020-09-22T15:40:41","slug":"agb","status":"publish","type":"page","link":"https:\/\/www.grindcorp.eu\/?page_id=463","title":{"rendered":"AGB"},"content":{"rendered":"\t\t<div data-elementor-type=\"wp-page\" data-elementor-id=\"463\" class=\"elementor elementor-463\">\n\t\t\t\t\t\t<section class=\"elementor-section elementor-top-section elementor-element elementor-element-999f32c elementor-section-full_width elementor-section-height-default elementor-section-height-default\" data-id=\"999f32c\" data-element_type=\"section\" data-settings=\"{&quot;background_background&quot;:&quot;classic&quot;}\">\n\t\t\t\t\t\t<div class=\"elementor-container elementor-column-gap-default\">\n\t\t\t\t\t<div class=\"elementor-column elementor-col-100 elementor-top-column elementor-element elementor-element-077e34d\" data-id=\"077e34d\" data-element_type=\"column\">\n\t\t\t<div class=\"elementor-widget-wrap elementor-element-populated\">\n\t\t\t\t\t\t<div class=\"elementor-element elementor-element-fca4ad3 elementor-widget elementor-widget-heading\" data-id=\"fca4ad3\" data-element_type=\"widget\" data-widget_type=\"heading.default\">\n\t\t\t\t<div class=\"elementor-widget-container\">\n\t\t\t\t\t<h2 class=\"elementor-heading-title elementor-size-default\">AGB<\/h2>\t\t\t\t<\/div>\n\t\t\t\t<\/div>\n\t\t\t\t<div class=\"elementor-element elementor-element-b62ca96 elementor-widget elementor-widget-spacer\" data-id=\"b62ca96\" data-element_type=\"widget\" data-widget_type=\"spacer.default\">\n\t\t\t\t<div class=\"elementor-widget-container\">\n\t\t\t\t\t\t\t<div class=\"elementor-spacer\">\n\t\t\t<div class=\"elementor-spacer-inner\"><\/div>\n\t\t<\/div>\n\t\t\t\t\t\t<\/div>\n\t\t\t\t<\/div>\n\t\t\t\t<section class=\"elementor-section elementor-inner-section elementor-element elementor-element-43074fe elementor-section-boxed elementor-section-height-default elementor-section-height-default\" data-id=\"43074fe\" data-element_type=\"section\">\n\t\t\t\t\t\t<div class=\"elementor-container elementor-column-gap-default\">\n\t\t\t\t\t<div class=\"elementor-column elementor-col-50 elementor-inner-column elementor-element elementor-element-0ca7698\" data-id=\"0ca7698\" data-element_type=\"column\">\n\t\t\t<div class=\"elementor-widget-wrap elementor-element-populated\">\n\t\t\t\t\t\t<div class=\"elementor-element elementor-element-0c8efbe elementor-widget elementor-widget-spacer\" data-id=\"0c8efbe\" data-element_type=\"widget\" data-widget_type=\"spacer.default\">\n\t\t\t\t<div class=\"elementor-widget-container\">\n\t\t\t\t\t\t\t<div class=\"elementor-spacer\">\n\t\t\t<div class=\"elementor-spacer-inner\"><\/div>\n\t\t<\/div>\n\t\t\t\t\t\t<\/div>\n\t\t\t\t<\/div>\n\t\t\t\t<div class=\"elementor-element elementor-element-d7710d6 elementor-widget elementor-widget-heading\" data-id=\"d7710d6\" data-element_type=\"widget\" data-widget_type=\"heading.default\">\n\t\t\t\t<div class=\"elementor-widget-container\">\n\t\t\t\t\t<h2 class=\"elementor-heading-title elementor-size-default\">Allgemeine Gesch\u00e4ftsbedingungen\n\n<\/h2>\t\t\t\t<\/div>\n\t\t\t\t<\/div>\n\t\t\t\t<div class=\"elementor-element elementor-element-c9ab526 elementor-widget elementor-widget-text-editor\" data-id=\"c9ab526\" data-element_type=\"widget\" data-widget_type=\"text-editor.default\">\n\t\t\t\t<div class=\"elementor-widget-container\">\n\t\t\t\t\t\t\t\t\t<p>Stand Januar 2020<\/p><p>\u00a0<\/p><p>Grindcorp GmbH<\/p><p>Brooksweg 23<\/p><p>49170 Hagen am Teutoburger Wald<\/p><p>Tel. +49 541 202712 47<\/p><p>Fax +49 541 202712 56<\/p>\t\t\t\t\t\t\t\t<\/div>\n\t\t\t\t<\/div>\n\t\t\t\t\t<\/div>\n\t\t<\/div>\n\t\t\t\t<div class=\"elementor-column elementor-col-50 elementor-inner-column elementor-element elementor-element-bd5f863\" data-id=\"bd5f863\" data-element_type=\"column\">\n\t\t\t<div class=\"elementor-widget-wrap elementor-element-populated\">\n\t\t\t\t\t\t<div class=\"elementor-element elementor-element-ed19b51 elementor-widget elementor-widget-image\" data-id=\"ed19b51\" data-element_type=\"widget\" data-widget_type=\"image.default\">\n\t\t\t\t<div class=\"elementor-widget-container\">\n\t\t\t\t\t\t\t\t\t\t\t\t\t\t\t<img fetchpriority=\"high\" decoding=\"async\" width=\"768\" height=\"791\" src=\"https:\/\/www.grindcorp.eu\/wp-content\/uploads\/2020\/08\/kopf_solo-768x791.png\" class=\"attachment-medium_large size-medium_large wp-image-193\" alt=\"\" srcset=\"https:\/\/www.grindcorp.eu\/wp-content\/uploads\/2020\/08\/kopf_solo-768x791.png 768w, https:\/\/www.grindcorp.eu\/wp-content\/uploads\/2020\/08\/kopf_solo-291x300.png 291w, https:\/\/www.grindcorp.eu\/wp-content\/uploads\/2020\/08\/kopf_solo-995x1024.png 995w, https:\/\/www.grindcorp.eu\/wp-content\/uploads\/2020\/08\/kopf_solo-1492x1536.png 1492w, https:\/\/www.grindcorp.eu\/wp-content\/uploads\/2020\/08\/kopf_solo-1989x2048.png 1989w, https:\/\/www.grindcorp.eu\/wp-content\/uploads\/2020\/08\/kopf_solo-750x772.png 750w, https:\/\/www.grindcorp.eu\/wp-content\/uploads\/2020\/08\/kopf_solo-400x412.png 400w, https:\/\/www.grindcorp.eu\/wp-content\/uploads\/2020\/08\/kopf_solo-430x443.png 430w, https:\/\/www.grindcorp.eu\/wp-content\/uploads\/2020\/08\/kopf_solo-150x154.png 150w, https:\/\/www.grindcorp.eu\/wp-content\/uploads\/2020\/08\/kopf_solo-100x103.png 100w\" sizes=\"(max-width: 768px) 100vw, 768px\" \/>\t\t\t\t\t\t\t\t\t\t\t\t\t\t\t<\/div>\n\t\t\t\t<\/div>\n\t\t\t\t<div class=\"elementor-element elementor-element-44e3ad2 elementor-widget elementor-widget-image\" data-id=\"44e3ad2\" data-element_type=\"widget\" data-widget_type=\"image.default\">\n\t\t\t\t<div class=\"elementor-widget-container\">\n\t\t\t\t\t\t\t\t\t\t\t\t\t\t\t<img fetchpriority=\"high\" decoding=\"async\" width=\"768\" height=\"791\" src=\"https:\/\/www.grindcorp.eu\/wp-content\/uploads\/2020\/08\/kopf_solo-768x791.png\" class=\"attachment-medium_large size-medium_large wp-image-193\" alt=\"\" srcset=\"https:\/\/www.grindcorp.eu\/wp-content\/uploads\/2020\/08\/kopf_solo-768x791.png 768w, https:\/\/www.grindcorp.eu\/wp-content\/uploads\/2020\/08\/kopf_solo-291x300.png 291w, https:\/\/www.grindcorp.eu\/wp-content\/uploads\/2020\/08\/kopf_solo-995x1024.png 995w, https:\/\/www.grindcorp.eu\/wp-content\/uploads\/2020\/08\/kopf_solo-1492x1536.png 1492w, https:\/\/www.grindcorp.eu\/wp-content\/uploads\/2020\/08\/kopf_solo-1989x2048.png 1989w, https:\/\/www.grindcorp.eu\/wp-content\/uploads\/2020\/08\/kopf_solo-750x772.png 750w, https:\/\/www.grindcorp.eu\/wp-content\/uploads\/2020\/08\/kopf_solo-400x412.png 400w, https:\/\/www.grindcorp.eu\/wp-content\/uploads\/2020\/08\/kopf_solo-430x443.png 430w, https:\/\/www.grindcorp.eu\/wp-content\/uploads\/2020\/08\/kopf_solo-150x154.png 150w, https:\/\/www.grindcorp.eu\/wp-content\/uploads\/2020\/08\/kopf_solo-100x103.png 100w\" sizes=\"(max-width: 768px) 100vw, 768px\" \/>\t\t\t\t\t\t\t\t\t\t\t\t\t\t\t<\/div>\n\t\t\t\t<\/div>\n\t\t\t\t<div class=\"elementor-element elementor-element-8393605 elementor-widget elementor-widget-heading\" data-id=\"8393605\" data-element_type=\"widget\" data-widget_type=\"heading.default\">\n\t\t\t\t<div class=\"elementor-widget-container\">\n\t\t\t\t\t<h2 class=\"elementor-heading-title elementor-size-default\">GRINDCORP<\/h2>\t\t\t\t<\/div>\n\t\t\t\t<\/div>\n\t\t\t\t<div class=\"elementor-element elementor-element-3f36686 elementor-widget elementor-widget-heading\" data-id=\"3f36686\" data-element_type=\"widget\" data-widget_type=\"heading.default\">\n\t\t\t\t<div class=\"elementor-widget-container\">\n\t\t\t\t\t<h2 class=\"elementor-heading-title elementor-size-medium\">BUILT TO LAST LONGER<\/h2>\t\t\t\t<\/div>\n\t\t\t\t<\/div>\n\t\t\t\t\t<\/div>\n\t\t<\/div>\n\t\t\t\t\t<\/div>\n\t\t<\/section>\n\t\t\t\t<div class=\"elementor-element elementor-element-34c4710 elementor-widget elementor-widget-text-editor\" data-id=\"34c4710\" data-element_type=\"widget\" data-widget_type=\"text-editor.default\">\n\t\t\t\t<div class=\"elementor-widget-container\">\n\t\t\t\t\t\t\t\t\t<p>Lorem ipsum dolor sit amet, consectetur adipiscing elit. Ut elit tellus, luctus nec ullamcorper mattis, pulvinar dapibus leo.<\/p>\t\t\t\t\t\t\t\t<\/div>\n\t\t\t\t<\/div>\n\t\t\t\t<div class=\"elementor-element elementor-element-f82e789 elementor-widget elementor-widget-text-editor\" data-id=\"f82e789\" data-element_type=\"widget\" data-widget_type=\"text-editor.default\">\n\t\t\t\t<div class=\"elementor-widget-container\">\n\t\t\t\t\t\t\t\t\t<p style=\"text-align: left;\"><b>\u00a7 1 Geltungsbereich <\/b><\/p><p style=\"text-align: left;\">1) Diese Verkaufsbedingungen gelten ausschlie\u00dflich gegen\u00fcber Unternehmern, juristischen Personen des \u00f6ffentlichen Rechts oder \u00f6ffentlich-rechtlichen Sonderverm\u00f6gen im Sinne von \u00a7 310 Absatz 1 BGB. Entgegenstehende oder von unseren Verkaufsbedingungen abweichende Bedingungen des Bestellers erkennen wir nur an, wenn wir ausdr\u00fccklich schriftlich der Geltung zustimmen.<\/p><p style=\"text-align: left;\">2) Diese Verkaufsbedingungen gelten auch f\u00fcr alle zuk\u00fcnftigen Gesch\u00e4fte mit dem Besteller, soweit es sich um Rechtsgesch\u00e4fte verwandter Art handelt.<\/p><p style=\"text-align: left;\"><b> \u00a7 2 Angebot und Vertragsabschluss <\/b><\/p><p style=\"text-align: left;\">Sofern eine Bestellung als Angebot gem\u00e4\u00df \u00a7 145 BGB anzusehen ist, k\u00f6nnen wir diese innerhalb von zwei Wochen annehmen.<\/p><p style=\"text-align: left;\"><b>\u00a7 3 \u00dcberlassene Unterlagen <\/b><\/p><p style=\"text-align: left;\">An allen in Zusammenhang mit der Auftragserteilung dem Besteller \u00fcberlassenen Unterlagen, wie z. B. Kalkulationen, Zeichnungen etc., behalten wir uns Eigentums- und Urheberrechte vor. Diese Unterlagen d\u00fcrfen Dritten nicht zug\u00e4nglich gemacht werden, es sei denn, wir erteilen dazu dem Besteller unsere ausdr\u00fcckliche schriftliche Zustimmung. Soweit wir das Angebot des Bestellers nicht innerhalb der Frist von \u00a7 2 annehmen, sind diese Unterlagen uns unverz\u00fcglich zur\u00fcckzusenden.<\/p><p style=\"text-align: left;\"><b> \u00a7 4 Preise und Zahlung <\/b><\/p><p style=\"text-align: left;\">1) Sofern nichts Gegenteiliges schriftlich vereinbart wird, gelten unsere Preise ab Werk ausschlie\u00dflich Verpackung und zuz\u00fcglich Mehrwertsteuer in jeweils g\u00fcltiger H\u00f6he. Kosten der Verpackung werden gesondert in Rechnung gestellt. Etwaige Zusatzkosten f\u00fcr Exportgesch\u00e4fte wie z.B. Z\u00f6lle werden gesondert in Rechnung gestellt.<\/p><p style=\"text-align: left;\">2) Die Zahlung des Kaufpreises hat ausschlie\u00dflich auf das umseitig genannte Konto zu erfolgen. Der Abzug von Skonto ist nur bei schriftlicher besonderer Vereinbarung zul\u00e4ssig.<\/p><p style=\"text-align: left;\">3) Sofern nichts anderes vereinbart wird, ist der Kaufpreis innerhalb von 30 Tagen nach Lieferung zu zahlen. Verzugszinsen werden in H\u00f6he von 8 % \u00fcber dem jeweiligen Basiszinssatz p.a. berechnet. Die Geltendmachung eines h\u00f6heren Verzugsschadens bleibt vorbehalten.<\/p><p style=\"text-align: left;\">4) Sofern keine Festpreisabrede getroffen wurde, bleiben angemessene Preisa\u0308nderungen wegen ver\u00e4nderter Lohn-, Material- und Vertriebskosten f\u00fcr Lieferungen, die 3 Monate oder sp\u00e4ter nach Vertragsabschluss erfolgen, vorbehalten.<\/p><p style=\"text-align: left;\"><b> \u00a7 5 Zur\u00fcckbehaltungsrechte <\/b><\/p><p style=\"text-align: left;\">Zur Aus\u00fcbung eines Zur\u00fcckbehaltungsrechts ist der Besteller nur insoweit befugt, als sein Gegenanspruch auf dem gleichen Vertragsverha\u0308ltnis beruht.<\/p><p style=\"text-align: left;\"><b> \u00a7 6 Lieferzeit <\/b><\/p><p style=\"text-align: left;\">1) Der Beginn der von uns angegebenen Lieferzeit setzt die rechtzeitige und ordnungsgem\u00e4\u00dfe Erf\u00fcllung der Verpflichtungen des Bestellers voraus. Die Einrede des nicht erf\u00fcllten Vertrages bleibt vorbehalten.<\/p><p style=\"text-align: left;\">2) Kommt der Besteller in Annahmeverzug oder verletzt er schuldhaft sonstige Mitwirkungspflichten, so sind wir berechtigt, den uns insoweit entstehenden Schaden, einschlie\u00dflich etwaiger Mehraufwendungen ersetzt zu verlangen. Weitergehende Anspr\u00fcche bleiben vorbehalten. Sofern vorstehende Voraussetzungen vorliegen, geht die Gefahr eines zuf\u00e4lligen Untergangs oder einer zuf\u00e4lligen Verschlechterung der Kaufsache in dem Zeitpunkt auf den Besteller \u00fcber, in dem dieser in Annahme- oder Schuldnerverzug geraten ist.<\/p><p style=\"text-align: left;\">3) Wir haften im Fall des von uns nicht vors\u00e4tzlich oder grob fahrl\u00e4ssig herbeigef\u00fchrten Lieferverzugs f\u00fcr jede vollendete Woche Verzug im Rahmen einer pauschalierten Verzugsentscha\u0308digung in H\u00f6he von 0,5%\u00a0 des Lieferwertes, maximal jedoch nicht mehr als 5 % des Lieferwertes.<\/p><p style=\"text-align: left;\">4) Weitere gesetzliche Anspr\u00fcche und Rechte des Bestellers wegen eines Lieferverzuges bleiben unber\u00fchrt.<\/p><p style=\"text-align: left;\"><b> \u00a7 7 Gefahren\u00fcbergang bei Versendung <\/b><\/p><p style=\"text-align: left;\">Wird die Ware auf Wunsch des Bestellers an diesen versandt, so geht mit der Absendung an den Besteller, sp\u00e4testens mit Verlassen des Werks\/Lagers die Gefahr des zuf\u00e4lligen Untergangs oder der zuf\u00e4lligen Verschlechterung der Ware auf den Besteller \u00fcber. Dies gilt unabh\u00e4ngig davon, ob die Versendung der Ware vom Erf\u00fcllungsort erfolgt oder wer die Frachtkosten tr\u00e4gt.<\/p><p style=\"text-align: left;\"><b>\u00a7 8 Eigentumsvorbehalt <\/b><\/p><p style=\"text-align: left;\">1) Wir behalten uns das Eigentum an der gelieferten Sache bis zur vollst\u00e4ndigen Zahlung s\u00e4mtlicher Forderungen aus dem Liefervertrag vor. Dies gilt auch f\u00fcr alle zuk\u00fcnftigen Lieferungen, auch wenn wir uns nicht stets ausdr\u00fccklich hierauf berufen. Wir sind berechtigt, die Kaufsache zur\u00fcckzunehmen, wenn der Besteller sich vertragswidrig verh\u00e4lt.<\/p><p style=\"text-align: left;\">2) Der Besteller ist verpflichtet, solange das Eigentum noch nicht auf ihn \u00fcbergegangen ist, die Kaufsache pfleglich zu behandeln. Insbesondere ist er verpflichtet, diese auf eigene Kosten gegen Diebstahl-, Feuer- und Wassersch\u00e4den ausreichend zum Neuwert zu versichern. M\u00fcssen Wartungs- und Inspektionsarbeiten durchgef\u00fchrt werden, hat der Besteller diese auf eigene Kosten rechtzeitig auszuf\u00fchren. Solange das Eigentum noch nicht \u00fcbergegangen ist, hat uns der Besteller unverz\u00fcglich schriftlich zu benachrichtigen, wenn der gelieferte Gegenstand gepf\u00e4ndet oder sonstigen Eingriffen Dritter ausgesetzt ist. Soweit der Dritte nicht in der Lage ist, uns die gerichtlichen und au\u00dfergerichtlichen Kosten einer Klage gem\u00e4\u00df \u00a7 771 ZPO zu erstatten, haftet der Besteller f\u00fcr den uns entstandenen Ausfall.<\/p><p style=\"text-align: left;\">3) Der Besteller ist zur Weitervera\u0308u\u00dferung der Vorbehaltsware im normalen Gesch\u00e4ftsverkehr berechtigt. Die Forderungen gegen\u00fcber dem Abnehmer aus der Weitervera\u0308u\u00dferung der Vorbehaltsware tritt der Besteller schon jetzt an uns in H\u00f6he des mit uns vereinbarten Faktura-Endbetrages (einschlie\u00dflich Mehrwertsteuer) ab. Diese Abtretung gilt unabh\u00e4ngig davon, ob die Kaufsache ohne oder nach Verarbeitung weiterverkauft worden ist. Der Besteller bleibt zur Einziehung der Forderung auch nach der Abtretung erm\u00e4chtigt. Unsere Befugnis, die Forderung selbst einzuziehen, bleibt davon unber\u00fchrt. Wir werden jedoch die Forderung nicht einziehen, solange der Besteller seinen Zahlungsverpflichtungen aus den vereinnahmten Erl\u00f6sen nachkommt, nicht in Zahlungsverzug ist und insbesondere kein Antrag auf Er\u00f6ffnung eines Insolvenzverfahrens gestellt ist oder Zahlungseinstellung vorliegt.<\/p><p style=\"text-align: left;\">4) Die Be- und Verarbeitung oder Umbildung der Kaufsache durch den Besteller erfolgt stets Namens und im Auftrag f\u00fcr uns. In diesem Fall setzt sich das Anwartschaftsrecht des Bestellers an der Kaufsache an der umgebildeten Sache fort. Sofern die Kaufsache mit anderen, uns nicht geh\u00f6renden Gegenst\u00e4nden verarbeitet wird, erwerben wir das Miteigentum an der neuen Sache im Verh\u00e4ltnis des objektiven Wertes unserer Kaufsache zu den anderen bearbeiteten Gegenst\u00e4nden zur Zeit der Verarbeitung. Dasselbe gilt f\u00fcr den Fall der Vermischung. Sofern die Vermischung in der Weise erfolgt, dass die Sache des Bestellers als Hauptsache anzusehen ist, gilt als vereinbart, dass der Besteller uns anteilm\u00e4\u00dfig Miteigentum \u00fcbertr\u00e4gt und das so entstandene Alleineigentum oder Miteigentum f\u00fcr uns verwahrt. Zur Sicherung unserer Forderungen gegen den Besteller tritt der Besteller auch solche Forderungen an uns ab, die ihm durch die Verbindung der Vorbehaltsware mit einem Grundst\u00fcck gegen einen Dritten erwachsen; wir nehmen diese Abtretung schon jetzt an.<\/p><p style=\"text-align: left;\">5) Wir verpflichten uns, die uns zustehenden Sicherheiten auf Verlangen des Bestellers freizugeben, soweit ihr Wert die zu sichernden Forderungen um mehr als 20 % \u00fcbersteigt.<\/p><p style=\"text-align: left;\"><b> \u00a7 9 Gew\u00e4hrleistung und M\u00e4ngelr\u00fcge sowie R\u00fcckgriff\/Herstellerregress <\/b><\/p><p style=\"text-align: left;\">1) Gewa\u0308hrleistungsrechte des Bestellers setzen voraus, dass dieser seinen nach \u00a7 377 HGB geschuldeten Untersuchungs- und Ru\u0308geobliegenheiten ordnungsgem\u00e4\u00df nachgekommen ist.<\/p><p style=\"text-align: left;\">2) Ma\u0308ngelanspru\u0308che verj\u00e4hren in 12 Monaten nach erfolgter Ablieferung der von uns gelieferten Ware bei unserem Besteller. F\u00fcr Schadenersatzanspr\u00fcche bei Vorsatz und grober Fahrl\u00e4ssigkeit sowie bei Verletzung von Leben, K\u00f6rper und Gesundheit, die auf einer vors\u00e4tzlichen oder fahrl\u00e4ssigen Pflichtverletzung des Verwenders beruhen, gilt die gesetzliche Verj\u00e4hrungsfrist.<\/p><p style=\"text-align: left;\">3) Sollte trotz aller aufgewendeter Sorgfalt die gelieferte Ware einen Mangel aufweisen, der bereits zum Zeitpunkt des Gefahru\u0308bergang vorlag, so werden wir die Ware, vorbehaltlich fristgerechter M\u00e4ngelr\u00fcge nach unserer Wahl nachbessern oder Ersatzware liefern. Es ist uns stets Gelegenheit zur Nacherfu\u0308llung innerhalb angemessener Frist zu geben. Ru\u0308ckgriffsanspru\u0308che bleiben von vorstehender Regelung ohne Einschr\u00e4nkung unber\u00fchrt.<\/p><p style=\"text-align: left;\">4) Schl\u00e4gt die Nacherfu\u0308llung fehl, kann der Besteller \u2013 unbeschadet etwaiger Schadenersatzanspr\u00fcche \u2013 vom Vertrag zur\u00fccktreten oder die Verg\u00fctung mindern.<\/p><p style=\"text-align: left;\">5) Ma\u0308ngelanspru\u0308che bestehen nicht bei nur unerheblicher Abweichung von der vereinbarten Beschaffenheit, bei nur unerheblicher Beeintr\u00e4chtigung der Brauchbarkeit, bei nat\u00fcrlicher Abnutzung oder Verschlei\u00df wie bei Sch\u00e4den, die nach dem Gefahru\u0308bergang infolge fehlerhafter oder nachl\u00e4ssiger Behandlung, \u00fcberm\u00e4\u00dfiger Beanspruchung, ungeeigneter Betriebsmittel, mangelhafter Bauarbeiten, ungeeigneten Baugrundes oder aufgrund besonderer \u00e4u\u00dferer Einfl\u00fcsse entstehen, die nach dem Vertrag nicht vorausgesetzt sind. Werden vom Besteller oder Dritten unsachgem\u00e4\u00df Instandsetzungsarbeiten oder \u00c4nderungen vorgenommen, so bestehen f\u00fcr diese und die daraus entstehenden Folgen ebenfalls keine Ma\u0308ngelanspru\u0308che.<\/p><p style=\"text-align: left;\">6) Anspr\u00fcche des Bestellers wegen der zum Zweck der Nacherfu\u0308llung erforderlichen Aufwendungen, insbesondere Transport-, Wege-, Arbeits- und Materialkosten, sind ausgeschlossen, soweit die Aufwendungen sich erh\u00f6hen, weil die von uns gelieferte Ware nachtr\u00e4glich an einen anderen Ort als die Niederlassung des Bestellers verbracht worden ist, es sei denn, die Verbringung entspricht ihrem bestimmungsgema\u0308\u00dfen Gebrauch.<\/p><p style=\"text-align: left;\">7) Ru\u0308ckgriffsanspru\u0308che des Bestellers gegen uns bestehen nur insoweit, als der Besteller mit seinem Abnehmer keine \u00fcber die gesetzlich zwingenden Ma\u0308ngelanspru\u0308che hinausgehenden Vereinbarungen getroffen hat. f\u00fcr den Umfang des Ru\u0308ckgriffsanspruches des Bestellers gegen den Lieferer gilt ferner Absatz 6 entsprechend.<\/p><p style=\"text-align: left;\"><b> \u00a7 10 Sonstiges <\/b><\/p><p style=\"text-align: left;\">1) Dieser Vertrag und die gesamten Rechtsbeziehungen der Parteien unterliegen dem Recht der Bundesrepublik Deutschland unter Ausschluss des UN-Kaufrechts (CISG).<\/p><p style=\"text-align: left;\">2) Erf\u00fcllungsort und ausschlie\u00dflicher Gerichtsstand und f\u00fcr alle Streitigkeiten aus diesem Vertrag ist unser Gesch\u00e4ftssitz, sofern sich aus der Auftragsbest\u00e4tigung nichts anderes ergibt.<\/p><p style=\"text-align: left;\">3) Alle Vereinbarungen, die zwischen den Parteien zwecks Ausf\u00fchrung dieses Vertrages getroffen werden, sind in diesem Vertrag schriftlich niedergelegt.<\/p>\t\t\t\t\t\t\t\t<\/div>\n\t\t\t\t<\/div>\n\t\t\t\t\t<\/div>\n\t\t<\/div>\n\t\t\t\t\t<\/div>\n\t\t<\/section>\n\t\t\t\t<\/div>\n\t\t","protected":false},"excerpt":{"rendered":"<p>AGB Allgemeine Gesch\u00e4ftsbedingungen Stand Januar 2020 Grindcorp GmbH Brooksweg 23 49170 Hagen am Teutoburger Wald Tel. +49 541 202712 47 Fax +49 541 202712 56 GRINDCORP BUILT TO LAST LONGER Lorem ipsum dolor sit amet, consectetur adipiscing elit. Ut elit tellus, luctus nec ullamcorper mattis, pulvinar dapibus leo. \u00a7 1 Geltungsbereich 1) Diese Verkaufsbedingungen gelten [&hellip;]<\/p>\n","protected":false},"author":1,"featured_media":0,"parent":178,"menu_order":0,"comment_status":"closed","ping_status":"closed","template":"elementor_canvas","meta":{"footnotes":""},"class_list":["post-463","page","type-page","status-publish","hentry"],"_links":{"self":[{"href":"https:\/\/www.grindcorp.eu\/index.php?rest_route=\/wp\/v2\/pages\/463","targetHints":{"allow":["GET"]}}],"collection":[{"href":"https:\/\/www.grindcorp.eu\/index.php?rest_route=\/wp\/v2\/pages"}],"about":[{"href":"https:\/\/www.grindcorp.eu\/index.php?rest_route=\/wp\/v2\/types\/page"}],"author":[{"embeddable":true,"href":"https:\/\/www.grindcorp.eu\/index.php?rest_route=\/wp\/v2\/users\/1"}],"replies":[{"embeddable":true,"href":"https:\/\/www.grindcorp.eu\/index.php?rest_route=%2Fwp%2Fv2%2Fcomments&post=463"}],"version-history":[{"count":16,"href":"https:\/\/www.grindcorp.eu\/index.php?rest_route=\/wp\/v2\/pages\/463\/revisions"}],"predecessor-version":[{"id":574,"href":"https:\/\/www.grindcorp.eu\/index.php?rest_route=\/wp\/v2\/pages\/463\/revisions\/574"}],"up":[{"embeddable":true,"href":"https:\/\/www.grindcorp.eu\/index.php?rest_route=\/wp\/v2\/pages\/178"}],"wp:attachment":[{"href":"https:\/\/www.grindcorp.eu\/index.php?rest_route=%2Fwp%2Fv2%2Fmedia&parent=463"}],"curies":[{"name":"wp","href":"https:\/\/api.w.org\/{rel}","templated":true}]}}