{"id":200,"date":"2020-08-28T05:58:37","date_gmt":"2020-08-28T05:58:37","guid":{"rendered":"https:\/\/www.grindcorp.eu\/?page_id=200"},"modified":"2020-09-22T19:43:21","modified_gmt":"2020-09-22T19:43:21","slug":"ueber-uns","status":"publish","type":"page","link":"https:\/\/www.grindcorp.eu\/?page_id=200","title":{"rendered":"\u00dcBER UNS"},"content":{"rendered":"\t\t<div data-elementor-type=\"wp-page\" data-elementor-id=\"200\" class=\"elementor elementor-200\">\n\t\t\t\t\t\t<section class=\"elementor-section elementor-top-section elementor-element elementor-element-7e0a5aa7 elementor-section-height-min-height elementor-section-boxed elementor-section-height-default elementor-section-items-middle\" data-id=\"7e0a5aa7\" data-element_type=\"section\" data-settings=\"{&quot;background_background&quot;:&quot;classic&quot;}\">\n\t\t\t\t\t\t\t<div class=\"elementor-background-overlay\"><\/div>\n\t\t\t\t\t\t\t<div class=\"elementor-container elementor-column-gap-default\">\n\t\t\t\t\t<div class=\"elementor-column elementor-col-100 elementor-top-column elementor-element elementor-element-4ae865de\" data-id=\"4ae865de\" data-element_type=\"column\">\n\t\t\t<div class=\"elementor-widget-wrap elementor-element-populated\">\n\t\t\t\t\t\t<div class=\"elementor-element elementor-element-64e586bd elementor-widget elementor-widget-html\" data-id=\"64e586bd\" data-element_type=\"widget\" data-widget_type=\"html.default\">\n\t\t\t\t<div class=\"elementor-widget-container\">\n\t\t\t\t\t<style>\n    .GrindcorpSenkrecht{\n    transform: rotate(-90deg)\n    translate(-350px,651px)\n    }\n    \n    .BuiltSenkrecht{\n    transform: rotate(-90deg)\n    translate(80px,755px)\n    }\n    \n    .Menueeintrag{\n    transform: rotate(-90deg)\n    translate(80px,855px)\n    }\n<\/style>\t\t\t\t<\/div>\n\t\t\t\t<\/div>\n\t\t\t\t<div class=\"elementor-element elementor-element-6a6cbc74 elementor-widget elementor-widget-menu-anchor\" data-id=\"6a6cbc74\" data-element_type=\"widget\" data-widget_type=\"menu-anchor.default\">\n\t\t\t\t<div class=\"elementor-widget-container\">\n\t\t\t\t\t\t\t<div class=\"elementor-menu-anchor\" id=\"START\"><\/div>\n\t\t\t\t\t\t<\/div>\n\t\t\t\t<\/div>\n\t\t\t\t<div class=\"elementor-element elementor-element-781f41ae elementor-widget elementor-widget-spacer\" data-id=\"781f41ae\" data-element_type=\"widget\" data-widget_type=\"spacer.default\">\n\t\t\t\t<div class=\"elementor-widget-container\">\n\t\t\t\t\t\t\t<div class=\"elementor-spacer\">\n\t\t\t<div class=\"elementor-spacer-inner\"><\/div>\n\t\t<\/div>\n\t\t\t\t\t\t<\/div>\n\t\t\t\t<\/div>\n\t\t\t\t<div class=\"elementor-element elementor-element-143df8cc GrindcorpSenkrecht elementor-invisible elementor-widget elementor-widget-heading\" data-id=\"143df8cc\" data-element_type=\"widget\" data-settings=\"{&quot;_animation&quot;:&quot;fadeIn&quot;,&quot;_animation_delay&quot;:0}\" data-widget_type=\"heading.default\">\n\t\t\t\t<div class=\"elementor-widget-container\">\n\t\t\t\t\t<h1 class=\"elementor-heading-title elementor-size-large\">GRINDCORP<\/h1>\t\t\t\t<\/div>\n\t\t\t\t<\/div>\n\t\t\t\t<div class=\"elementor-element elementor-element-587e2de6 BuiltSenkrecht elementor-invisible elementor-widget elementor-widget-heading\" data-id=\"587e2de6\" data-element_type=\"widget\" data-settings=\"{&quot;_animation&quot;:&quot;fadeIn&quot;,&quot;_animation_delay&quot;:100}\" data-widget_type=\"heading.default\">\n\t\t\t\t<div class=\"elementor-widget-container\">\n\t\t\t\t\t<h1 class=\"elementor-heading-title elementor-size-default\">BUILT TO LAST LONGER<\/h1>\t\t\t\t<\/div>\n\t\t\t\t<\/div>\n\t\t\t\t<div class=\"elementor-element elementor-element-5dbeef01 Menueeintrag elementor-invisible elementor-widget elementor-widget-heading\" data-id=\"5dbeef01\" data-element_type=\"widget\" data-settings=\"{&quot;_animation&quot;:&quot;fadeIn&quot;,&quot;_animation_delay&quot;:100}\" data-widget_type=\"heading.default\">\n\t\t\t\t<div class=\"elementor-widget-container\">\n\t\t\t\t\t<h1 class=\"elementor-heading-title elementor-size-default\">\u00dcBER UNS<\/h1>\t\t\t\t<\/div>\n\t\t\t\t<\/div>\n\t\t\t\t\t<\/div>\n\t\t<\/div>\n\t\t\t\t\t<\/div>\n\t\t<\/section>\n\t\t\t\t<section class=\"elementor-section elementor-top-section elementor-element elementor-element-06cc8df elementor-section-boxed elementor-section-height-default elementor-section-height-default\" data-id=\"06cc8df\" data-element_type=\"section\">\n\t\t\t\t\t\t<div class=\"elementor-container elementor-column-gap-default\">\n\t\t\t\t\t<div class=\"elementor-column elementor-col-100 elementor-top-column elementor-element elementor-element-df72b10\" data-id=\"df72b10\" data-element_type=\"column\">\n\t\t\t<div class=\"elementor-widget-wrap elementor-element-populated\">\n\t\t\t\t\t\t<div class=\"elementor-element elementor-element-e1d99ac elementor-widget elementor-widget-heading\" data-id=\"e1d99ac\" data-element_type=\"widget\" data-widget_type=\"heading.default\">\n\t\t\t\t<div class=\"elementor-widget-container\">\n\t\t\t\t\t<h2 class=\"elementor-heading-title elementor-size-default\">BUILT TO LAST LONGER<\/h2>\t\t\t\t<\/div>\n\t\t\t\t<\/div>\n\t\t\t\t\t<\/div>\n\t\t<\/div>\n\t\t\t\t\t<\/div>\n\t\t<\/section>\n\t\t\t\t<section class=\"elementor-section elementor-top-section elementor-element elementor-element-1af1fbc elementor-section-boxed elementor-section-height-default elementor-section-height-default\" data-id=\"1af1fbc\" data-element_type=\"section\">\n\t\t\t\t\t\t<div class=\"elementor-container elementor-column-gap-default\">\n\t\t\t\t\t<div class=\"elementor-column elementor-col-100 elementor-top-column elementor-element elementor-element-ffcadf0\" data-id=\"ffcadf0\" data-element_type=\"column\">\n\t\t\t<div class=\"elementor-widget-wrap elementor-element-populated\">\n\t\t\t\t\t\t<div class=\"elementor-element elementor-element-da9b0ca elementor-widget elementor-widget-text-editor\" data-id=\"da9b0ca\" data-element_type=\"widget\" data-widget_type=\"text-editor.default\">\n\t\t\t\t<div class=\"elementor-widget-container\">\n\t\t\t\t\t\t\t\t\t<p>Unser Ziel ist\u00a0 es, funktionierende Branchenl\u00f6sungen f\u00fcr Industrie und Handwerk zu schaffen. In unterschiedlichen Qualit\u00e4tsstufen, aber immer mit dem richtigen Preis\/Leistungs-Verh\u00e4ltnis und dem bestm\u00f6glichen Ergebnis f\u00fcr den Anwender.<\/p><p>Und wenn der Markt Innovationen verlangt, suchen wir nach L\u00f6sungen. Z.B.: Aus der Unzufriedenheit heraus, kein wirklich gutes Produkt f\u00fcr die perfekte Aluminium-Bearbeitung gefunden zu haben, wurde eine neue M\u00f6glichkeit entwickelt, der ALUMINATOR.<\/p><p>Aus der Kenntnis heraus, dass es f\u00fcr perfekte Schneidergebnisse von Cuttermessern\u00a0 kein wirklich gutes Produkt auf dem Markt gibt,\u00a0 haben wir hierf\u00fcr eine neue Klinge ins Sortiment genommen, die pr\u00e4zises Schneiden und hohe Standzeiten liefert. Gleichzeitig ist der Sicherheitsaspekt ber\u00fccksichtigt und das Risiko f\u00fcr Verletzungen deutlich reduziert.<\/p>\t\t\t\t\t\t\t\t<\/div>\n\t\t\t\t<\/div>\n\t\t\t\t<div class=\"elementor-element elementor-element-4fbdc26 elementor-widget elementor-widget-text-editor\" data-id=\"4fbdc26\" data-element_type=\"widget\" data-widget_type=\"text-editor.default\">\n\t\t\t\t<div class=\"elementor-widget-container\">\n\t\t\t\t\t\t\t\t\t<p>Dies sind nur zwei Beispiele f\u00fcr punktgenaue Probleml\u00f6sungen und innovative Produktentwicklung.<\/p><p>GRINDCORP wird getragen von einer Gruppe werkzeug-affiner Spezialisten, die ihr Fach- und Branchenwissen in ein neues junges Unternehmen einbringen.<\/p><p>Ein klares Bekenntnis zum Fachgro\u00dfhandel und die Konzentration auf loyale und begeisterte Partner ist eine der Voraussetzungen f\u00fcr den gemeinsamen Erfolg. Unser Vertriebsteam \u2013 ebenfalls Profis mit langj\u00e4hriger Branchen-Erfahrung \u2013 unterst\u00fctzt nicht nur das \u201eBrot-und-Butter\u201c-Gesch\u00e4ft, sondern entwickelt auch neue, individuelle Produkte, exakt auf die Anforderungen der Nutzer abgestimmt. Fordern Sie uns!<\/p>\t\t\t\t\t\t\t\t<\/div>\n\t\t\t\t<\/div>\n\t\t\t\t\t<\/div>\n\t\t<\/div>\n\t\t\t\t\t<\/div>\n\t\t<\/section>\n\t\t\t\t<\/div>\n\t\t","protected":false},"excerpt":{"rendered":"<p>GRINDCORP BUILT TO LAST LONGER \u00dcBER UNS BUILT TO LAST LONGER Unser Ziel ist\u00a0 es, funktionierende Branchenl\u00f6sungen f\u00fcr Industrie und Handwerk zu schaffen. In unterschiedlichen Qualit\u00e4tsstufen, aber immer mit dem richtigen Preis\/Leistungs-Verh\u00e4ltnis und dem bestm\u00f6glichen Ergebnis f\u00fcr den Anwender. Und wenn der Markt Innovationen verlangt, suchen wir nach L\u00f6sungen. Z.B.: Aus der Unzufriedenheit heraus, kein [&hellip;]<\/p>\n","protected":false},"author":1,"featured_media":0,"parent":178,"menu_order":0,"comment_status":"closed","ping_status":"closed","template":"elementor_canvas","meta":{"footnotes":""},"class_list":["post-200","page","type-page","status-publish","hentry"],"_links":{"self":[{"href":"https:\/\/www.grindcorp.eu\/index.php?rest_route=\/wp\/v2\/pages\/200","targetHints":{"allow":["GET"]}}],"collection":[{"href":"https:\/\/www.grindcorp.eu\/index.php?rest_route=\/wp\/v2\/pages"}],"about":[{"href":"https:\/\/www.grindcorp.eu\/index.php?rest_route=\/wp\/v2\/types\/page"}],"author":[{"embeddable":true,"href":"https:\/\/www.grindcorp.eu\/index.php?rest_route=\/wp\/v2\/users\/1"}],"replies":[{"embeddable":true,"href":"https:\/\/www.grindcorp.eu\/index.php?rest_route=%2Fwp%2Fv2%2Fcomments&post=200"}],"version-history":[{"count":12,"href":"https:\/\/www.grindcorp.eu\/index.php?rest_route=\/wp\/v2\/pages\/200\/revisions"}],"predecessor-version":[{"id":666,"href":"https:\/\/www.grindcorp.eu\/index.php?rest_route=\/wp\/v2\/pages\/200\/revisions\/666"}],"up":[{"embeddable":true,"href":"https:\/\/www.grindcorp.eu\/index.php?rest_route=\/wp\/v2\/pages\/178"}],"wp:attachment":[{"href":"https:\/\/www.grindcorp.eu\/index.php?rest_route=%2Fwp%2Fv2%2Fmedia&parent=200"}],"curies":[{"name":"wp","href":"https:\/\/api.w.org\/{rel}","templated":true}]}}